{"id":990153,"date":"2024-06-11T07:50:19","date_gmt":"2024-06-11T05:50:19","guid":{"rendered":"https:\/\/artepreneur.art\/avviso-legale\/"},"modified":"2025-04-29T10:00:11","modified_gmt":"2025-04-29T08:00:11","slug":"avviso-legale","status":"publish","type":"page","link":"https:\/\/artepreneur.art\/it\/avviso-legale\/","title":{"rendered":"Avviso legale"},"content":{"rendered":"\t\t<div data-elementor-type=\"wp-page\" data-elementor-id=\"990153\" class=\"elementor elementor-990153 elementor-988536\" data-elementor-post-type=\"page\">\n\t\t\t\t<div class=\"elementor-element elementor-element-59fc1f8b e-flex e-con-boxed e-con e-parent\" data-id=\"59fc1f8b\" data-element_type=\"container\" data-e-type=\"container\">\n\t\t\t\t\t<div class=\"e-con-inner\">\n\t\t\t\t<div class=\"elementor-element elementor-element-12b72beb elementor-widget elementor-widget-text-editor\" data-id=\"12b72beb\" data-element_type=\"widget\" data-e-type=\"widget\" data-widget_type=\"text-editor.default\">\n\t\t\t\t<div class=\"elementor-widget-container\">\n\t\t\t\t\t\t\t\t\t<div class=\"flex max-w-full flex-col flex-grow\"><div class=\"min-h-[20px] text-message flex w-full flex-col items-end gap-2 break-words [.text-message+&amp;]:mt-5 overflow-x-auto whitespace-pre-wrap\" dir=\"auto\" data-message-author-role=\"assistant\" data-message-id=\"c7f36565-933b-4c3a-9f89-0012ac4337eb\"><div class=\"flex w-full flex-col gap-1 empty:hidden first:pt-[3px]\"><div class=\"markdown prose w-full break-words dark:prose-invert dark\"><h1>AVVISO LEGALE<\/h1><p>I. INFORMAZIONI GENERALI<\/p><p>In ottemperanza al dovere di informazione disposto dalla Legge 34\/2002 sui Servizi della Societ\u00e0 dell&#8217;Informazione e del Commercio Elettronico (LSSI-CE) dell&#8217;11 luglio, si forniscono di seguito i seguenti dati di informazione generale di questo sito web:<\/p><p>La titolarit\u00e0 di questo sito web, <a href=\"https:\/\/artepreneur.art\" target=\"_new\" rel=\"noopener\">https:\/\/artepreneur.art<\/a>, (di seguito, Sito Web) \u00e8 detenuta da: Mar\u00eda Garc\u00eda de Pedro, con NIF: 76971610V, e i cui dati di contatto sono:<\/p><p>Indirizzo: C\/ Fernando Poo, 22, 6B, 28045 Madrid<\/p><p>Telefono di contatto: +34 681 873 442<\/p><p>Email di contatto: info@artepreneur.art<\/p><p>II. TERMINI E CONDIZIONI GENERALI DI UTILIZZO L&#8217;oggetto delle condizioni: Il Sito Web<\/p><p>L&#8217;oggetto delle presenti Condizioni Generali di Utilizzo (di seguito, Condizioni) \u00e8 regolare l&#8217;accesso e l&#8217;utilizzo del Sito Web. Ai fini delle presenti Condizioni, si intende per Sito Web: l&#8217;aspetto esteriore delle interfacce dello schermo, sia statico che dinamico, ovvero l&#8217;albero di navigazione; e tutti gli elementi integrati sia nelle interfacce dello schermo che nell&#8217;albero di navigazione (di seguito, Contenuti) e tutti quei servizi o risorse online che possono essere offerti agli Utenti (di seguito, Servizi).<\/p><p>Artepreneur Consulting si riserva il diritto di modificare, in qualsiasi momento e senza preavviso, la presentazione e configurazione del Sito Web e dei Contenuti e Servizi che possono essere incorporati in esso. L&#8217;Utente riconosce e accetta che in qualsiasi momento Artepreneur Consulting possa interrompere, disattivare e\/o cancellare qualsiasi di questi elementi che sono integrati nel Sito Web o l&#8217;accesso agli stessi.<\/p><p>L&#8217;accesso al Sito Web da parte dell&#8217;Utente \u00e8 gratuito e, di regola, non richiede il pagamento di alcun compenso per poterne usufruire, salvo quanto riguarda il costo della connessione attraverso la rete di telecomunicazioni fornita dal provider di accesso contrattato dall&#8217;Utente.<\/p><p>L&#8217;utilizzo di alcuni dei Contenuti o Servizi del Sito Web pu\u00f2 essere subordinato alla previa sottoscrizione o registrazione dell&#8217;Utente.<\/p><p>L&#8217;Utente<\/p><p>L&#8217;accesso, la navigazione e l&#8217;uso del Sito Web conferiscono lo status di Utente, per cui l&#8217;Utente accetta, sin dall&#8217;inizio della navigazione sul Sito Web, tutte le Condizioni qui stabilite, nonch\u00e9 le eventuali modifiche successive, senza pregiudicare l&#8217;applicazione della normativa legale obbligatoria corrispondente, a seconda del caso. Data l&#8217;importanza di quanto sopra, si consiglia all&#8217;Utente di leggerle ogni volta che visita il Sito Web.<\/p><p>Il Sito Web di Artepreneur Consulting fornisce una vasta gamma di informazioni, servizi e dati. L&#8217;Utente si assume la responsabilit\u00e0 di fare un uso corretto del Sito Web. Tale responsabilit\u00e0 si estender\u00e0 a:<\/p><ul><li>Un uso delle informazioni, Contenuti e\/o Servizi e dati offerti da Artepreneur Consulting senza che ci\u00f2 sia contrario a quanto disposto dalle presenti Condizioni, dalla Legge, dalla morale o dall&#8217;ordine pubblico, o che in qualsiasi modo possa ledere i diritti di terzi o il corretto funzionamento del Sito Web.<\/li><li>La veridicit\u00e0 e la legalit\u00e0 delle informazioni fornite dall&#8217;Utente nei moduli estesi da Artepreneur Consulting per l&#8217;accesso a determinati Contenuti o Servizi offerti dal Sito Web. In ogni caso, l&#8217;Utente notificher\u00e0 immediatamente a Artepreneur Consulting qualsiasi fatto che consenta l&#8217;uso improprio delle informazioni registrate in tali moduli, come, ma non solo, furto, smarrimento o accesso non autorizzato a identificatori e\/o password, al fine di procedere alla loro immediata cancellazione.<\/li><\/ul><p>Il semplice accesso a questo Sito Web non implica l&#8217;instaurazione di alcun tipo di rapporto commerciale tra Artepreneur Consulting e l&#8217;Utente.<\/p><p>Sempre nel rispetto della legislazione vigente, questo Sito Web di Artepreneur Consulting \u00e8 rivolto a tutte le persone, indipendentemente dalla loro et\u00e0, che possono accedere e\/o navigare sulle pagine del Sito Web.<\/p><p>Il Sito Web \u00e8 principalmente rivolto agli Utenti residenti in Spagna. Artepreneur Consulting non garantisce che il Sito Web sia conforme alle legislazioni di altri paesi, sia in tutto che in parte. Se l&#8217;Utente risiede o ha il proprio domicilio in un altro luogo e decide di accedere e\/o navigare nel Sito Web, lo far\u00e0 sotto la propria responsabilit\u00e0, dovr\u00e0 assicurarsi che tale accesso e navigazione siano conformi alla legislazione locale applicabile, non assumendo Artepreneur Consulting alcuna responsabilit\u00e0 derivante da tale accesso.<\/p><p>III. ACCESSO E NAVIGAZIONE NEL SITO WEB: ESCLUSIONE DI GARANZIE E RESPONSABILIT\u00c0<\/p><p>Artepreneur Consulting non garantisce la continuit\u00e0, disponibilit\u00e0 e utilit\u00e0 del Sito Web, n\u00e9 dei Contenuti o Servizi. Artepreneur Consulting far\u00e0 tutto il possibile per il corretto funzionamento del Sito Web, tuttavia, non si assume alcuna responsabilit\u00e0 n\u00e9 garantisce che l&#8217;accesso a questo Sito Web non sar\u00e0 ininterrotto o privo di errori.<\/p><p>Non si assume inoltre alcuna responsabilit\u00e0 o garanzia che il contenuto o il software accessibile tramite questo Sito Web sia privo di errori o causi danni al sistema informatico (software e hardware) dell&#8217;Utente. In nessun caso Artepreneur Consulting sar\u00e0 responsabile per perdite, danni o lesioni di qualsiasi tipo derivanti dall&#8217;accesso, navigazione e uso del Sito Web, compresi, ma non limitati a, quelli causati ai sistemi informatici o provocati dall&#8217;introduzione di virus.<\/p><p>Artepreneur Consulting non si assume alcuna responsabilit\u00e0 per i danni che potrebbero essere causati agli utenti da un uso improprio di questo Sito Web. In particolare, non si assume alcuna responsabilit\u00e0 per interruzioni, malfunzionamenti o difetti delle telecomunicazioni che potrebbero verificarsi.<\/p><p>IV. POLITICA DEI LINK<\/p><p>L&#8217;Utente o terzo che crei un collegamento ipertestuale da una pagina web di un altro sito web al Sito Web di Artepreneur Consulting deve sapere che:<\/p><p>Non \u00e8 consentita la riproduzione, totale o parziale, di nessuno dei Contenuti e\/o Servizi del Sito Web senza l&#8217;espressa autorizzazione di Artepreneur Consulting.<\/p><p>Non \u00e8 consentita alcuna dichiarazione falsa, imprecisa o errata sul Sito Web di Artepreneur Consulting, n\u00e9 sui suoi Contenuti e\/o Servizi.<\/p><p>Ad eccezione del collegamento ipertestuale, il sito web in cui \u00e8 stabilito tale collegamento ipertestuale non conterr\u00e0 alcun elemento di questo Sito Web, protetto come propriet\u00e0 intellettuale dalla legislazione spagnola, salvo espressa autorizzazione di Artepreneur Consulting.<\/p><p>L&#8217;istituzione del collegamento ipertestuale non implicher\u00e0 l&#8217;esistenza di relazioni tra Artepreneur Consulting e il titolare del sito web da cui \u00e8 realizzato, n\u00e9 la conoscenza e l&#8217;accettazione da parte di Artepreneur Consulting dei contenuti, servizi e\/o attivit\u00e0 offerti in detto sito web, e viceversa.<\/p><p>V. PROPRIET\u00c0 INTELLETTUALE E INDUSTRIALE<\/p><p>Artepreneur Consulting, in proprio o come cessionario, \u00e8 titolare di tutti i diritti di propriet\u00e0 intellettuale e industriale del Sito Web, nonch\u00e9 degli elementi in esso contenuti (a titolo esemplificativo ma non esaustivo, immagini, suoni, audio, video, software o testi, marchi o loghi, combinazioni di colori, struttura e design, selezione dei materiali utilizzati, programmi per computer necessari per il suo funzionamento, accesso e utilizzo, ecc.). Pertanto, saranno opere protette come propriet\u00e0 intellettuale dalla legislazione spagnola, a cui si applicheranno sia la normativa spagnola e comunitaria in questo campo, sia i trattati internazionali relativi alla materia e sottoscritti dalla Spagna.<\/p><p>Tutti i diritti riservati. In virt\u00f9 di quanto disposto dalla Legge sulla Propriet\u00e0 Intellettuale, \u00e8 espressamente vietata la riproduzione, distribuzione e comunicazione pubblica, compresa la modalit\u00e0 di messa a disposizione, di tutto o parte dei contenuti di questa pagina web, a fini commerciali, in qualsiasi formato e con qualsiasi mezzo tecnico, senza l&#8217;autorizzazione di Artepreneur Consulting.<\/p><p>L&#8217;Utente si impegna a rispettare i diritti di propriet\u00e0 intellettuale e industriale di Artepreneur Consulting. Potr\u00e0 visualizzare gli elementi del Sito Web o persino stamparli, copiarli e archiviarli sul disco rigido del proprio computer o su qualsiasi altro supporto fisico purch\u00e9 sia esclusivamente per uso personale. Tuttavia, l&#8217;Utente non potr\u00e0 eliminare, alterare o manipolare alcun dispositivo di<\/p><\/div><\/div><\/div><\/div><div class=\"mt-1 flex gap-3 empty:hidden -ml-2\"><div class=\"items-center justify-start rounded-xl p-1 flex\"><div class=\"flex items-center\">\u00a0<\/div><\/div><\/div>\t\t\t\t\t\t\t\t<\/div>\n\t\t\t\t<\/div>\n\t\t\t\t\t<\/div>\n\t\t\t\t<\/div>\n\t\t\t\t<\/div>\n\t\t","protected":false},"excerpt":{"rendered":"<p>AVVISO LEGALE I. INFORMAZIONI GENERALI In ottemperanza al dovere di informazione disposto dalla Legge 34\/2002 sui Servizi della Societ\u00e0 dell&#8217;Informazione e del Commercio Elettronico (LSSI-CE) dell&#8217;11 luglio, si forniscono di seguito i seguenti dati di informazione generale di questo sito web: La titolarit\u00e0 di questo sito web, https:\/\/artepreneur.art, (di seguito, Sito Web) \u00e8 detenuta da:&#8230;<\/p>\n","protected":false},"author":1,"featured_media":0,"parent":0,"menu_order":0,"comment_status":"closed","ping_status":"closed","template":"","meta":{"footnotes":""},"class_list":["post-990153","page","type-page","status-publish","hentry"],"yoast_head":"<!-- This site is optimized with the Yoast SEO Premium plugin v26.1 (Yoast SEO v27.3) - https:\/\/yoast.com\/product\/yoast-seo-premium-wordpress\/ -->\n<title>Avviso legale - Artepreneur<\/title>\n<meta name=\"description\" content=\"Scopri i termini legali e le condizioni d&#039;uso del nostro sito web. Trova tutte le informazioni relative all&#039;avviso legale, alla politica sulla privacy e alla protezione dei dati.\" \/>\n<meta name=\"robots\" content=\"noindex, follow\" \/>\n<meta property=\"og:locale\" content=\"it_IT\" \/>\n<meta property=\"og:type\" content=\"article\" \/>\n<meta property=\"og:title\" content=\"Avviso legale\" \/>\n<meta property=\"og:description\" content=\"Scopri i termini legali e le condizioni d&#039;uso del nostro sito web. Trova tutte le informazioni relative all&#039;avviso legale, alla politica sulla privacy e alla protezione dei dati.\" \/>\n<meta property=\"og:url\" content=\"https:\/\/artepreneur.art\/it\/avviso-legale\/\" \/>\n<meta property=\"og:site_name\" content=\"Artepreneur\" \/>\n<meta property=\"article:modified_time\" content=\"2025-04-29T08:00:11+00:00\" \/>\n<meta property=\"og:image\" content=\"https:\/\/artepreneur.art\/wp-content\/uploads\/2024\/06\/laura-cleffmann-DcZBTUaESko.jpg\" \/>\n\t<meta property=\"og:image:width\" content=\"1920\" \/>\n\t<meta property=\"og:image:height\" content=\"1647\" \/>\n\t<meta property=\"og:image:type\" content=\"image\/jpeg\" \/>\n<meta name=\"twitter:card\" content=\"summary_large_image\" \/>\n<meta name=\"twitter:label1\" content=\"Tempo di lettura stimato\" \/>\n\t<meta name=\"twitter:data1\" content=\"7 minuti\" \/>\n<script type=\"application\/ld+json\" class=\"yoast-schema-graph\">{\"@context\":\"https:\\\/\\\/schema.org\",\"@graph\":[{\"@type\":\"WebPage\",\"@id\":\"https:\\\/\\\/artepreneur.art\\\/it\\\/avviso-legale\\\/\",\"url\":\"https:\\\/\\\/artepreneur.art\\\/it\\\/avviso-legale\\\/\",\"name\":\"Avviso legale - Artepreneur\",\"isPartOf\":{\"@id\":\"https:\\\/\\\/artepreneur.art\\\/it\\\/#website\"},\"datePublished\":\"2024-06-11T05:50:19+00:00\",\"dateModified\":\"2025-04-29T08:00:11+00:00\",\"description\":\"Scopri i termini legali e le condizioni d'uso del nostro sito web. Trova tutte le informazioni relative all'avviso legale, alla politica sulla privacy e alla protezione dei dati.\",\"breadcrumb\":{\"@id\":\"https:\\\/\\\/artepreneur.art\\\/it\\\/avviso-legale\\\/#breadcrumb\"},\"inLanguage\":\"it-IT\",\"potentialAction\":[{\"@type\":\"ReadAction\",\"target\":[\"https:\\\/\\\/artepreneur.art\\\/it\\\/avviso-legale\\\/\"]}]},{\"@type\":\"BreadcrumbList\",\"@id\":\"https:\\\/\\\/artepreneur.art\\\/it\\\/avviso-legale\\\/#breadcrumb\",\"itemListElement\":[{\"@type\":\"ListItem\",\"position\":1,\"name\":\"Portada\",\"item\":\"https:\\\/\\\/artepreneur.art\\\/it\\\/\"},{\"@type\":\"ListItem\",\"position\":2,\"name\":\"Avviso legale\"}]},{\"@type\":\"WebSite\",\"@id\":\"https:\\\/\\\/artepreneur.art\\\/it\\\/#website\",\"url\":\"https:\\\/\\\/artepreneur.art\\\/it\\\/\",\"name\":\"Artepreneur\",\"description\":\"Somos una empresa boutique especializada en la b\u00fasqueda de profesionales del arte. Conoce nuestro enfoque y descubre c\u00f3mo podemos ayudarte a encontrar el mejor talento para tu equipo.\",\"publisher\":{\"@id\":\"https:\\\/\\\/artepreneur.art\\\/it\\\/#organization\"},\"alternateName\":\"Artepreneur HR Consulting\",\"potentialAction\":[{\"@type\":\"SearchAction\",\"target\":{\"@type\":\"EntryPoint\",\"urlTemplate\":\"https:\\\/\\\/artepreneur.art\\\/it\\\/?s={search_term_string}\"},\"query-input\":{\"@type\":\"PropertyValueSpecification\",\"valueRequired\":true,\"valueName\":\"search_term_string\"}}],\"inLanguage\":\"it-IT\"},{\"@type\":\"Organization\",\"@id\":\"https:\\\/\\\/artepreneur.art\\\/it\\\/#organization\",\"name\":\"Artepreneur\",\"url\":\"https:\\\/\\\/artepreneur.art\\\/it\\\/\",\"logo\":{\"@type\":\"ImageObject\",\"inLanguage\":\"it-IT\",\"@id\":\"https:\\\/\\\/artepreneur.art\\\/it\\\/#\\\/schema\\\/logo\\\/image\\\/\",\"url\":\"https:\\\/\\\/artepreneur.art\\\/wp-content\\\/uploads\\\/2023\\\/10\\\/ARTEPRENEUR.png\",\"contentUrl\":\"https:\\\/\\\/artepreneur.art\\\/wp-content\\\/uploads\\\/2023\\\/10\\\/ARTEPRENEUR.png\",\"width\":625,\"height\":200,\"caption\":\"Artepreneur\"},\"image\":{\"@id\":\"https:\\\/\\\/artepreneur.art\\\/it\\\/#\\\/schema\\\/logo\\\/image\\\/\"}}]}<\/script>\n<!-- \/ Yoast SEO Premium plugin. -->","yoast_head_json":{"title":"Avviso legale - Artepreneur","description":"Scopri i termini legali e le condizioni d'uso del nostro sito web. Trova tutte le informazioni relative all'avviso legale, alla politica sulla privacy e alla protezione dei dati.","robots":{"index":"noindex","follow":"follow"},"og_locale":"it_IT","og_type":"article","og_title":"Avviso legale","og_description":"Scopri i termini legali e le condizioni d'uso del nostro sito web. Trova tutte le informazioni relative all'avviso legale, alla politica sulla privacy e alla protezione dei dati.","og_url":"https:\/\/artepreneur.art\/it\/avviso-legale\/","og_site_name":"Artepreneur","article_modified_time":"2025-04-29T08:00:11+00:00","og_image":[{"width":1920,"height":1647,"url":"https:\/\/artepreneur.art\/wp-content\/uploads\/2024\/06\/laura-cleffmann-DcZBTUaESko.jpg","type":"image\/jpeg"}],"twitter_card":"summary_large_image","twitter_misc":{"Tempo di lettura stimato":"7 minuti"},"schema":{"@context":"https:\/\/schema.org","@graph":[{"@type":"WebPage","@id":"https:\/\/artepreneur.art\/it\/avviso-legale\/","url":"https:\/\/artepreneur.art\/it\/avviso-legale\/","name":"Avviso legale - Artepreneur","isPartOf":{"@id":"https:\/\/artepreneur.art\/it\/#website"},"datePublished":"2024-06-11T05:50:19+00:00","dateModified":"2025-04-29T08:00:11+00:00","description":"Scopri i termini legali e le condizioni d'uso del nostro sito web. Trova tutte le informazioni relative all'avviso legale, alla politica sulla privacy e alla protezione dei dati.","breadcrumb":{"@id":"https:\/\/artepreneur.art\/it\/avviso-legale\/#breadcrumb"},"inLanguage":"it-IT","potentialAction":[{"@type":"ReadAction","target":["https:\/\/artepreneur.art\/it\/avviso-legale\/"]}]},{"@type":"BreadcrumbList","@id":"https:\/\/artepreneur.art\/it\/avviso-legale\/#breadcrumb","itemListElement":[{"@type":"ListItem","position":1,"name":"Portada","item":"https:\/\/artepreneur.art\/it\/"},{"@type":"ListItem","position":2,"name":"Avviso legale"}]},{"@type":"WebSite","@id":"https:\/\/artepreneur.art\/it\/#website","url":"https:\/\/artepreneur.art\/it\/","name":"Artepreneur","description":"Somos una empresa boutique especializada en la b\u00fasqueda de profesionales del arte. Conoce nuestro enfoque y descubre c\u00f3mo podemos ayudarte a encontrar el mejor talento para tu equipo.","publisher":{"@id":"https:\/\/artepreneur.art\/it\/#organization"},"alternateName":"Artepreneur HR Consulting","potentialAction":[{"@type":"SearchAction","target":{"@type":"EntryPoint","urlTemplate":"https:\/\/artepreneur.art\/it\/?s={search_term_string}"},"query-input":{"@type":"PropertyValueSpecification","valueRequired":true,"valueName":"search_term_string"}}],"inLanguage":"it-IT"},{"@type":"Organization","@id":"https:\/\/artepreneur.art\/it\/#organization","name":"Artepreneur","url":"https:\/\/artepreneur.art\/it\/","logo":{"@type":"ImageObject","inLanguage":"it-IT","@id":"https:\/\/artepreneur.art\/it\/#\/schema\/logo\/image\/","url":"https:\/\/artepreneur.art\/wp-content\/uploads\/2023\/10\/ARTEPRENEUR.png","contentUrl":"https:\/\/artepreneur.art\/wp-content\/uploads\/2023\/10\/ARTEPRENEUR.png","width":625,"height":200,"caption":"Artepreneur"},"image":{"@id":"https:\/\/artepreneur.art\/it\/#\/schema\/logo\/image\/"}}]}},"_links":{"self":[{"href":"https:\/\/artepreneur.art\/it\/wp-json\/wp\/v2\/pages\/990153","targetHints":{"allow":["GET"]}}],"collection":[{"href":"https:\/\/artepreneur.art\/it\/wp-json\/wp\/v2\/pages"}],"about":[{"href":"https:\/\/artepreneur.art\/it\/wp-json\/wp\/v2\/types\/page"}],"author":[{"embeddable":true,"href":"https:\/\/artepreneur.art\/it\/wp-json\/wp\/v2\/users\/1"}],"replies":[{"embeddable":true,"href":"https:\/\/artepreneur.art\/it\/wp-json\/wp\/v2\/comments?post=990153"}],"version-history":[{"count":16,"href":"https:\/\/artepreneur.art\/it\/wp-json\/wp\/v2\/pages\/990153\/revisions"}],"predecessor-version":[{"id":992633,"href":"https:\/\/artepreneur.art\/it\/wp-json\/wp\/v2\/pages\/990153\/revisions\/992633"}],"wp:attachment":[{"href":"https:\/\/artepreneur.art\/it\/wp-json\/wp\/v2\/media?parent=990153"}],"curies":[{"name":"wp","href":"https:\/\/api.w.org\/{rel}","templated":true}]}}